{"id":556,"date":"2017-07-11T08:13:00","date_gmt":"2017-07-11T08:13:00","guid":{"rendered":"https:\/\/laboomfood.demotheme.matbao.support\/?page_id=556"},"modified":"2025-04-27T15:07:11","modified_gmt":"2025-04-27T15:07:11","slug":"thuc-don","status":"publish","type":"page","link":"https:\/\/mamtre.vn\/en\/thuc-don\/","title":{"rendered":"Menu"},"content":{"rendered":"<div data-vc-full-width=\"true\" data-vc-full-width-init=\"false\" class=\"vc_row wpb_row vc_row-fluid no-overlay vc_custom_1499761708164 over_follow_initial row-arrow\"style =\"fill:#f4f2ed\"><div class=\"custom-row-image scroll-bellow\" style=\"background-image: url(https:\/\/mamtre.vn\/wp-content\/uploads\/2017\/06\/icon3.png);\"><\/div><div class=\"vc_column_wrapper clearfix\">\n\t<div class=\"vc_col-sm-12  wpb_column vc_column_container     text-align-none  text-rp-left\"><div class=\"vc_column-inner\">\n\t\n\t\t<div class=\"wpb_wrapper\">\n\t\t\t<h2 style=\"font-size: 40px;color: #20202f;line-height: 50px;text-align: center;font-family:Quicksand;font-weight:700;font-style:normal\" class=\"vc_custom_heading vc_custom_1610780700966\"><span style=\"letter-spacing: 0em;\">Our special menu<\/span><\/h2><p style=\"font-size: 15px;color: #9a9a9a;line-height: 25px;text-align: center\" class=\"vc_custom_heading\"><span style=\"letter-spacing: 0em;\"><\/span><\/p><div class=\"vc_empty_space\"   style=\"height: 23px\"><span class=\"vc_empty_space_inner\"><\/span><\/div>            <div class=\"cms_restaurant_menu-raw-element\" data-atts=\"{&quot;choose_menu&quot;:&quot;menu&quot;,&quot;link_button&quot;:&quot;|||&quot;,&quot;number_menu&quot;:&quot;8&quot;}\">\r\n                     <div class=\"grid-row-loading\">\r\n\t\t  <div class=\"col\"> \r\n\t\t    <ul class=\"loading\">\r\n\t\t      <li><\/li>\r\n\t\t      <li><\/li>\r\n\t\t      <li><\/li>\r\n\t\t    <\/ul>\r\n\t\t    \r\n\t\t<\/div>\r\n\t<\/div>\r\n                <\/div>\r\n            \n\t\t<\/div> \n\t<\/div> \n<\/div><\/div><\/div><div class=\"vc_row-full-width\"><\/div><div data-vc-full-width=\"true\" data-vc-full-width-init=\"false\" class=\"vc_row wpb_row vc_row-fluid no-overlay vc_custom_1499764684699 over_follow_initial row-arrow\"style =\"fill:#19181d\"><div class=\"custom-row-image scroll-bellow\" style=\"background-image: url(https:\/\/mamtre.vn\/wp-content\/uploads\/2017\/06\/icon2.png);\"><\/div><div class=\"vc_column_wrapper clearfix\">\n\t<div class=\"vc_col-sm-12  wpb_column vc_column_container     text-align-none  text-rp-left\"><div class=\"vc_column-inner\">\n\t\n\t\t<div class=\"wpb_wrapper\">\n\t\t\t<h2 style=\"font-size: 40px;color: #e4b95b;line-height: 50px;text-align: center;font-family:Quicksand;font-weight:700;font-style:normal\" class=\"vc_custom_heading vc_custom_1610780758897\"><span style=\"letter-spacing: 0em;\">Daily Specials<\/span><\/h2><p style=\"font-size: 15px;color: #ffffff;line-height: 25px;text-align: center\" class=\"vc_custom_heading\"><span style=\"letter-spacing: 0em;\">The role of a good chef is indispensable in preparing a sumptuous meal.<\/span><\/p><div class=\"vc_empty_space\"   style=\"height: 75px\"><span class=\"vc_empty_space_inner\"><\/span><\/div>                <div class=\"cms_restaurant_grid_menu-raw-element\" data-atts=\"{&quot;choose_menu&quot;:&quot;menu-dac-san&quot;,&quot;number_menu&quot;:&quot;5&quot;}\">\r\n                         <div class=\"grid-row-loading\">\r\n\t\t  <div class=\"col\"> \r\n\t\t    <ul class=\"loading\">\r\n\t\t      <li><\/li>\r\n\t\t      <li><\/li>\r\n\t\t      <li><\/li>\r\n\t\t    <\/ul>\r\n\t\t    \r\n\t\t<\/div>\r\n\t<\/div>\r\n                    <\/div>\r\n            \n\t\t<\/div> \n\t<\/div> \n<\/div><\/div><\/div><div class=\"vc_row-full-width\"><\/div><div class=\"vc_row wpb_row vc_row-fluid no-overlay vc_custom_1499845532334 row-default\"style =\"fill:\"><div class=\"vc_column_wrapper clearfix\">\n\t<div class=\"vc_col-sm-3\/5 vc_col-lg-5 vc_col-md-5  wpb_column vc_column_container     text-align-none  text-rp-left\"><div class=\"vc_column-inner vc_custom_1745763036681\">\n\t\n\t\t<div class=\"wpb_wrapper\">\n\t\t\t<h5 style=\"font-size: 15px;color: #9a9a9a;line-height: 20px;text-align: left\" class=\"cusotm-font-1 vc_custom_heading vc_custom_1745762915422\"><span style=\"letter-spacing: 0em;\">THE WORLD IS LOOKING FOR THE BEST <\/span><\/h5><h3 style=\"font-size: 40px;color: #20202f;line-height: 60px;text-align: left\" class=\"cusotm-font-1 vc_custom_heading vc_custom_1745762929584\"><span style=\"letter-spacing: 0em;\">DISCOUNT <strong>50%<\/strong><\/span><\/h3>\n\t<div class=\"wpb_text_column wpb_content_element  vc_custom_1745762959795\" >\n\t\t<div class=\"wpb_wrapper\">\n\t\t\t<div class=\"xdj266r x11i5rnm xat24cr x1mh8g0r x1vvkbs x126k92a\">\n<div dir=\"auto\">Count down the hours with Mam Tre to meet our customers on the official opening day - April 5 at the familiar corner of Dao Tan street.<\/div>\n<\/div>\n<div class=\"x11i5rnm xat24cr x1mh8g0r x1vvkbs xtlvy1s x126k92a\">\n<div dir=\"auto\">After days of nurturing and perfecting, now, Mam Tre with so much sentiment sent to the simple meal tray with the rich taste of the North is ready to bring diners to warm family meals, with sour soup, rich braised fish or pickled eggplant, fried meat with rice. All are waiting for you to enjoy with a series of attractive promotions:<\/div>\n<\/div>\n<div class=\"x11i5rnm xat24cr x1mh8g0r x1vvkbs xtlvy1s x126k92a\">\n<div dir=\"auto\"><span class=\"html-span xexx8yu x4uap5 x18d9i69 xkhd6sd x1hl2dhg x16tdsg8 x1vvkbs x3nfvp2 x1j61x8r x1fcty0u xdj266r xat24cr xgzva0m xhhsvwb xxymvpz xlup9mm x1kky2od\"><img decoding=\"async\" class=\"xz74otr x168nmei x13lgxp2 x5pf9jr xo71vjh\" src=\"https:\/\/static.xx.fbcdn.net\/images\/emoji.php\/v9\/tf4\/1\/16\/2728.png\" alt=\"\u2728\" width=\"16\" height=\"16\" \/><\/span>50% off entire menu in first week<\/div>\n<div dir=\"auto\"><span class=\"html-span xexx8yu x4uap5 x18d9i69 xkhd6sd x1hl2dhg x16tdsg8 x1vvkbs x3nfvp2 x1j61x8r x1fcty0u xdj266r xat24cr xgzva0m xhhsvwb xxymvpz xlup9mm x1kky2od\"><img decoding=\"async\" class=\"xz74otr x168nmei x13lgxp2 x5pf9jr xo71vjh\" src=\"https:\/\/static.xx.fbcdn.net\/images\/emoji.php\/v9\/tf4\/1\/16\/2728.png\" alt=\"\u2728\" width=\"16\" height=\"16\" \/><\/span>Voucher 20% valid until April 2025<\/div>\n<\/div>\n<div class=\"x11i5rnm xat24cr x1mh8g0r x1vvkbs xtlvy1s x126k92a\">\n<div dir=\"auto\">Book a table today and don&#039;t forget to invite your loved ones to visit Mam Tre to immerse yourself in the cuisine and memorable memories of your beloved Northern homeland. <span class=\"html-span xexx8yu x4uap5 x18d9i69 xkhd6sd x1hl2dhg x16tdsg8 x1vvkbs x3nfvp2 x1j61x8r x1fcty0u xdj266r xat24cr xgzva0m xhhsvwb xxymvpz xlup9mm x1kky2od\"><img decoding=\"async\" class=\"xz74otr x168nmei x13lgxp2 x5pf9jr xo71vjh\" src=\"https:\/\/static.xx.fbcdn.net\/images\/emoji.php\/v9\/teb\/1\/16\/2763.png\" alt=\"\u2763\ufe0f\" width=\"16\" height=\"16\" \/><\/span><\/div>\n<\/div>\n<div class=\"x11i5rnm xat24cr x1mh8g0r x1vvkbs xtlvy1s x126k92a\"><\/div>\n\n\t\t<\/div>\n\t<\/div>\n<div class=\"cms-button-wrapper\">\r\n\r\n    <a href=\"\" title=\"\" class=\"btn btn-secondary  btn-rounded\" style=\"background:;color:;border-color:\">\r\n                                                <span>LEARN MORE<\/span>\r\n                    <\/a>\r\n<\/div><div class=\"vc_empty_space  visible-xs\"   style=\"height: 40px\"><span class=\"vc_empty_space_inner\"><\/span><\/div>\n\t\t<\/div> \n\t<\/div> \n<\/div>\n\t<div class=\"vc_col-sm-6 vc_col-lg-7 vc_col-md-7  wpb_column vc_column_container     text-right  text-rp-left\"><div class=\"vc_column-inner\">\n\t\n\t\t<div class=\"wpb_wrapper\">\n\t\t\t\n\t<div  class=\"wpb_single_image wpb_content_element vc_align_right\">\n\t\t\n\t\t<figure class=\"wpb_wrapper vc_figure\">\n\t\t\t<div class=\"vc_single_image-wrapper   vc_box_border_grey\"><img decoding=\"async\" width=\"394\" height=\"394\" src=\"https:\/\/mamtre.vn\/wp-content\/uploads\/2025\/04\/mam-1.png\" class=\"vc_single_image-img attachment-full\" alt=\"\" srcset=\"https:\/\/mamtre.vn\/wp-content\/uploads\/2025\/04\/mam-1.png 394w, https:\/\/mamtre.vn\/wp-content\/uploads\/2025\/04\/mam-1-300x300.png 300w, https:\/\/mamtre.vn\/wp-content\/uploads\/2025\/04\/mam-1-150x150.png 150w, https:\/\/mamtre.vn\/wp-content\/uploads\/2025\/04\/mam-1-12x12.png 12w, https:\/\/mamtre.vn\/wp-content\/uploads\/2025\/04\/mam-1-104x104.png 104w, https:\/\/mamtre.vn\/wp-content\/uploads\/2025\/04\/mam-1-100x100.png 100w\" sizes=\"(max-width: 394px) 100vw, 394px\" \/><\/div>\n\t\t<\/figure>\n\t<\/div>\n\n\t\t<\/div> \n\t<\/div> \n<\/div><\/div><\/div>","protected":false},"excerpt":{"rendered":"Our Special Menu Daily SpecialsA good chef is indispensable in preparing a sumptuous meal. \ud835\udc07\ud835\udc00\ud835\udc0d\ud835\udc04\ud835\udc0d\ud835\udc04 \ud835\udc07\ud835\udc00 ...","protected":false},"author":1,"featured_media":0,"parent":0,"menu_order":0,"comment_status":"closed","ping_status":"closed","template":"","meta":{"footnotes":""},"class_list":["post-556","page","type-page","status-publish","hentry"],"yoast_head":"<!-- This site is optimized with the Yoast SEO plugin v25.0 - https:\/\/yoast.com\/wordpress\/plugins\/seo\/ -->\n<title>Th\u1ef1c \u0110\u01a1n - M\u00e2m Tre 20 \u0110\u00e0o T\u1ea5n<\/title>\n<meta name=\"robots\" content=\"index, follow, max-snippet:-1, max-image-preview:large, max-video-preview:-1\" \/>\n<link rel=\"canonical\" href=\"https:\/\/mamtre.vn\/en\/thuc-don\/\" \/>\n<meta property=\"og:locale\" content=\"en_US\" \/>\n<meta property=\"og:type\" content=\"article\" \/>\n<meta property=\"og:title\" content=\"Th\u1ef1c \u0110\u01a1n - M\u00e2m Tre 20 \u0110\u00e0o T\u1ea5n\" \/>\n<meta property=\"og:url\" content=\"https:\/\/mamtre.vn\/en\/thuc-don\/\" \/>\n<meta property=\"og:site_name\" content=\"M\u00e2m Tre 20 \u0110\u00e0o T\u1ea5n\" \/>\n<meta property=\"article:publisher\" content=\"https:\/\/www.facebook.com\/profile.php?id=61573825499060\" \/>\n<meta property=\"article:modified_time\" content=\"2025-04-27T15:07:11+00:00\" \/>\n<meta property=\"og:image\" content=\"https:\/\/static.xx.fbcdn.net\/images\/emoji.php\/v9\/tf4\/1\/16\/2728.png\" \/>\n<meta name=\"twitter:card\" content=\"summary_large_image\" \/>\n<meta name=\"twitter:label1\" content=\"Est. reading time\" \/>\n\t<meta name=\"twitter:data1\" content=\"4 minutes\" \/>\n<script type=\"application\/ld+json\" class=\"yoast-schema-graph\">{\"@context\":\"https:\/\/schema.org\",\"@graph\":[{\"@type\":\"WebPage\",\"@id\":\"https:\/\/mamtre.vn\/thuc-don\/\",\"url\":\"https:\/\/mamtre.vn\/thuc-don\/\",\"name\":\"Th\u1ef1c \u0110\u01a1n - M\u00e2m Tre 20 \u0110\u00e0o T\u1ea5n\",\"isPartOf\":{\"@id\":\"https:\/\/mamtre.vn\/#website\"},\"primaryImageOfPage\":{\"@id\":\"https:\/\/mamtre.vn\/thuc-don\/#primaryimage\"},\"image\":{\"@id\":\"https:\/\/mamtre.vn\/thuc-don\/#primaryimage\"},\"thumbnailUrl\":\"https:\/\/static.xx.fbcdn.net\/images\/emoji.php\/v9\/tf4\/1\/16\/2728.png\",\"datePublished\":\"2017-07-11T08:13:00+00:00\",\"dateModified\":\"2025-04-27T15:07:11+00:00\",\"breadcrumb\":{\"@id\":\"https:\/\/mamtre.vn\/thuc-don\/#breadcrumb\"},\"inLanguage\":\"en-US\",\"potentialAction\":[{\"@type\":\"ReadAction\",\"target\":[\"https:\/\/mamtre.vn\/thuc-don\/\"]}]},{\"@type\":\"ImageObject\",\"inLanguage\":\"en-US\",\"@id\":\"https:\/\/mamtre.vn\/thuc-don\/#primaryimage\",\"url\":\"https:\/\/static.xx.fbcdn.net\/images\/emoji.php\/v9\/tf4\/1\/16\/2728.png\",\"contentUrl\":\"https:\/\/static.xx.fbcdn.net\/images\/emoji.php\/v9\/tf4\/1\/16\/2728.png\"},{\"@type\":\"BreadcrumbList\",\"@id\":\"https:\/\/mamtre.vn\/thuc-don\/#breadcrumb\",\"itemListElement\":[{\"@type\":\"ListItem\",\"position\":1,\"name\":\"Home\",\"item\":\"https:\/\/mamtre.vn\/\"},{\"@type\":\"ListItem\",\"position\":2,\"name\":\"Th\u1ef1c \u0110\u01a1n\"}]},{\"@type\":\"WebSite\",\"@id\":\"https:\/\/mamtre.vn\/#website\",\"url\":\"https:\/\/mamtre.vn\/\",\"name\":\"M\u00e2m Tre 20 \u0110\u00e0o T\u1ea5n\",\"description\":\"C\u1ea3m nh\u1eadn v\u0103n h\u00f3a Vi\u1ec7t Nam qua t\u1eebng m\u00f3n \u0103n truy\u1ec1n th\u1ed1ng\",\"publisher\":{\"@id\":\"https:\/\/mamtre.vn\/#organization\"},\"potentialAction\":[{\"@type\":\"SearchAction\",\"target\":{\"@type\":\"EntryPoint\",\"urlTemplate\":\"https:\/\/mamtre.vn\/?s={search_term_string}\"},\"query-input\":{\"@type\":\"PropertyValueSpecification\",\"valueRequired\":true,\"valueName\":\"search_term_string\"}}],\"inLanguage\":\"en-US\"},{\"@type\":\"Organization\",\"@id\":\"https:\/\/mamtre.vn\/#organization\",\"name\":\"M\u00e2m Tre 20 \u0110\u00e0o T\u1ea5n\",\"url\":\"https:\/\/mamtre.vn\/\",\"logo\":{\"@type\":\"ImageObject\",\"inLanguage\":\"en-US\",\"@id\":\"https:\/\/mamtre.vn\/#\/schema\/logo\/image\/\",\"url\":\"https:\/\/mamtre.vn\/wp-content\/uploads\/2025\/04\/Logo_header.png\",\"contentUrl\":\"https:\/\/mamtre.vn\/wp-content\/uploads\/2025\/04\/Logo_header.png\",\"width\":143,\"height\":142,\"caption\":\"M\u00e2m Tre 20 \u0110\u00e0o T\u1ea5n\"},\"image\":{\"@id\":\"https:\/\/mamtre.vn\/#\/schema\/logo\/image\/\"},\"sameAs\":[\"https:\/\/www.facebook.com\/profile.php?id=61573825499060\"]}]}<\/script>\n<!-- \/ Yoast SEO plugin. -->","yoast_head_json":{"title":"Th\u1ef1c \u0110\u01a1n - M\u00e2m Tre 20 \u0110\u00e0o T\u1ea5n","robots":{"index":"index","follow":"follow","max-snippet":"max-snippet:-1","max-image-preview":"max-image-preview:large","max-video-preview":"max-video-preview:-1"},"canonical":"https:\/\/mamtre.vn\/en\/thuc-don\/","og_locale":"en_US","og_type":"article","og_title":"Th\u1ef1c \u0110\u01a1n - M\u00e2m Tre 20 \u0110\u00e0o T\u1ea5n","og_url":"https:\/\/mamtre.vn\/en\/thuc-don\/","og_site_name":"M\u00e2m Tre 20 \u0110\u00e0o T\u1ea5n","article_publisher":"https:\/\/www.facebook.com\/profile.php?id=61573825499060","article_modified_time":"2025-04-27T15:07:11+00:00","og_image":[{"url":"https:\/\/static.xx.fbcdn.net\/images\/emoji.php\/v9\/tf4\/1\/16\/2728.png","type":"","width":"","height":""}],"twitter_card":"summary_large_image","twitter_misc":{"Est. reading time":"4 minutes"},"schema":{"@context":"https:\/\/schema.org","@graph":[{"@type":"WebPage","@id":"https:\/\/mamtre.vn\/thuc-don\/","url":"https:\/\/mamtre.vn\/thuc-don\/","name":"Th\u1ef1c \u0110\u01a1n - M\u00e2m Tre 20 \u0110\u00e0o T\u1ea5n","isPartOf":{"@id":"https:\/\/mamtre.vn\/#website"},"primaryImageOfPage":{"@id":"https:\/\/mamtre.vn\/thuc-don\/#primaryimage"},"image":{"@id":"https:\/\/mamtre.vn\/thuc-don\/#primaryimage"},"thumbnailUrl":"https:\/\/static.xx.fbcdn.net\/images\/emoji.php\/v9\/tf4\/1\/16\/2728.png","datePublished":"2017-07-11T08:13:00+00:00","dateModified":"2025-04-27T15:07:11+00:00","breadcrumb":{"@id":"https:\/\/mamtre.vn\/thuc-don\/#breadcrumb"},"inLanguage":"en-US","potentialAction":[{"@type":"ReadAction","target":["https:\/\/mamtre.vn\/thuc-don\/"]}]},{"@type":"ImageObject","inLanguage":"en-US","@id":"https:\/\/mamtre.vn\/thuc-don\/#primaryimage","url":"https:\/\/static.xx.fbcdn.net\/images\/emoji.php\/v9\/tf4\/1\/16\/2728.png","contentUrl":"https:\/\/static.xx.fbcdn.net\/images\/emoji.php\/v9\/tf4\/1\/16\/2728.png"},{"@type":"BreadcrumbList","@id":"https:\/\/mamtre.vn\/thuc-don\/#breadcrumb","itemListElement":[{"@type":"ListItem","position":1,"name":"Home","item":"https:\/\/mamtre.vn\/"},{"@type":"ListItem","position":2,"name":"Th\u1ef1c \u0110\u01a1n"}]},{"@type":"WebSite","@id":"https:\/\/mamtre.vn\/#website","url":"https:\/\/mamtre.vn\/","name":"M\u00e2m Tre 20 \u0110\u00e0o T\u1ea5n","description":"C\u1ea3m nh\u1eadn v\u0103n h\u00f3a Vi\u1ec7t Nam qua t\u1eebng m\u00f3n \u0103n truy\u1ec1n th\u1ed1ng","publisher":{"@id":"https:\/\/mamtre.vn\/#organization"},"potentialAction":[{"@type":"SearchAction","target":{"@type":"EntryPoint","urlTemplate":"https:\/\/mamtre.vn\/?s={search_term_string}"},"query-input":{"@type":"PropertyValueSpecification","valueRequired":true,"valueName":"search_term_string"}}],"inLanguage":"en-US"},{"@type":"Organization","@id":"https:\/\/mamtre.vn\/#organization","name":"M\u00e2m Tre 20 \u0110\u00e0o T\u1ea5n","url":"https:\/\/mamtre.vn\/","logo":{"@type":"ImageObject","inLanguage":"en-US","@id":"https:\/\/mamtre.vn\/#\/schema\/logo\/image\/","url":"https:\/\/mamtre.vn\/wp-content\/uploads\/2025\/04\/Logo_header.png","contentUrl":"https:\/\/mamtre.vn\/wp-content\/uploads\/2025\/04\/Logo_header.png","width":143,"height":142,"caption":"M\u00e2m Tre 20 \u0110\u00e0o T\u1ea5n"},"image":{"@id":"https:\/\/mamtre.vn\/#\/schema\/logo\/image\/"},"sameAs":["https:\/\/www.facebook.com\/profile.php?id=61573825499060"]}]}},"_links":{"self":[{"href":"https:\/\/mamtre.vn\/en\/wp-json\/wp\/v2\/pages\/556","targetHints":{"allow":["GET"]}}],"collection":[{"href":"https:\/\/mamtre.vn\/en\/wp-json\/wp\/v2\/pages"}],"about":[{"href":"https:\/\/mamtre.vn\/en\/wp-json\/wp\/v2\/types\/page"}],"author":[{"embeddable":true,"href":"https:\/\/mamtre.vn\/en\/wp-json\/wp\/v2\/users\/1"}],"replies":[{"embeddable":true,"href":"https:\/\/mamtre.vn\/en\/wp-json\/wp\/v2\/comments?post=556"}],"version-history":[{"count":10,"href":"https:\/\/mamtre.vn\/en\/wp-json\/wp\/v2\/pages\/556\/revisions"}],"predecessor-version":[{"id":1789,"href":"https:\/\/mamtre.vn\/en\/wp-json\/wp\/v2\/pages\/556\/revisions\/1789"}],"wp:attachment":[{"href":"https:\/\/mamtre.vn\/en\/wp-json\/wp\/v2\/media?parent=556"}],"curies":[{"name":"wp","href":"https:\/\/api.w.org\/{rel}","templated":true}]}}